{"id":35,"date":"2023-06-01T14:23:25","date_gmt":"2023-06-01T14:23:25","guid":{"rendered":"http:\/\/www.arsyttavanpirtea.fi\/?page_id=35"},"modified":"2023-07-07T15:57:29","modified_gmt":"2023-07-07T15:57:29","slug":"niin-missa","status":"publish","type":"page","link":"https:\/\/www.arsyttavanpirtea.fi\/index.php\/niin-missa\/","title":{"rendered":"Niin miss\u00e4?"},"content":{"rendered":"\t\t<div data-elementor-type=\"wp-page\" data-elementor-id=\"35\" class=\"elementor elementor-35\">\n\t\t\t\t\t\t<section class=\"elementor-section elementor-top-section elementor-element elementor-element-3503687 elementor-section-boxed elementor-section-height-default elementor-section-height-default\" data-id=\"3503687\" data-element_type=\"section\">\n\t\t\t\t\t\t<div class=\"elementor-container elementor-column-gap-default\">\n\t\t\t\t\t<div class=\"elementor-column elementor-col-100 elementor-top-column elementor-element elementor-element-5c56aad\" data-id=\"5c56aad\" data-element_type=\"column\">\n\t\t\t<div class=\"elementor-widget-wrap elementor-element-populated\">\n\t\t\t\t\t\t<div class=\"elementor-element elementor-element-910f8bd elementor-widget elementor-widget-text-editor\" data-id=\"910f8bd\" data-element_type=\"widget\" data-widget_type=\"text-editor.default\">\n\t\t\t\t<div class=\"elementor-widget-container\">\n\t\t\t\t\t\t\t\t\t<p>Hailuodossa, Oulussa, Kempeleess\u00e4 ja ymp\u00e4ryskunnissa ja et\u00e4n\u00e4 ymp\u00e4ri maan.<\/p><p>Ajantasaiset tapahtumat, aktiviteetit ja kuulumiset n\u00e4et <a href=\"http:\/\/instagram.com\/arsyttavanpirtea_pt\">Instagramissa<\/a> ja <a href=\"http:\/\/facebook.com\/pirteatpalvelut\">Facebookissa<\/a>!<\/p><p>Yhteydenotot: <a href=\"mailto:pirteatpalvelut@gmail.com\">pirteatpalvelut@gmail.com<\/a><\/p>\t\t\t\t\t\t\t\t<\/div>\n\t\t\t\t<\/div>\n\t\t\t\t\t<\/div>\n\t\t<\/div>\n\t\t\t\t\t<\/div>\n\t\t<\/section>\n\t\t\t\t<section class=\"elementor-section elementor-top-section elementor-element elementor-element-57bbe64 elementor-section-boxed elementor-section-height-default elementor-section-height-default\" data-id=\"57bbe64\" data-element_type=\"section\">\n\t\t\t\t\t\t<div class=\"elementor-container elementor-column-gap-default\">\n\t\t\t\t\t<div class=\"elementor-column elementor-col-100 elementor-top-column elementor-element elementor-element-74afb93\" data-id=\"74afb93\" data-element_type=\"column\">\n\t\t\t<div class=\"elementor-widget-wrap elementor-element-populated\">\n\t\t\t\t\t\t<div class=\"elementor-element elementor-element-d90f7f6 elementor-widget elementor-widget-spacer\" data-id=\"d90f7f6\" data-element_type=\"widget\" data-widget_type=\"spacer.default\">\n\t\t\t\t<div class=\"elementor-widget-container\">\n\t\t\t\t\t\t\t<div class=\"elementor-spacer\">\n\t\t\t<div class=\"elementor-spacer-inner\"><\/div>\n\t\t<\/div>\n\t\t\t\t\t\t<\/div>\n\t\t\t\t<\/div>\n\t\t\t\t\t<\/div>\n\t\t<\/div>\n\t\t\t\t\t<\/div>\n\t\t<\/section>\n\t\t\t\t<section class=\"elementor-section elementor-top-section elementor-element elementor-element-e7a854c elementor-section-boxed elementor-section-height-default elementor-section-height-default\" data-id=\"e7a854c\" data-element_type=\"section\">\n\t\t\t\t\t\t<div class=\"elementor-container elementor-column-gap-default\">\n\t\t\t\t\t<div class=\"elementor-column elementor-col-100 elementor-top-column elementor-element elementor-element-61ba11b\" data-id=\"61ba11b\" data-element_type=\"column\">\n\t\t\t<div class=\"elementor-widget-wrap elementor-element-populated\">\n\t\t\t\t\t\t<div class=\"elementor-element elementor-element-0e50202 elementor-widget elementor-widget-image\" data-id=\"0e50202\" data-element_type=\"widget\" data-widget_type=\"image.default\">\n\t\t\t\t<div class=\"elementor-widget-container\">\n\t\t\t\t\t\t\t\t\t\t\t\t\t\t\t<img fetchpriority=\"high\" decoding=\"async\" width=\"950\" height=\"603\" src=\"https:\/\/www.arsyttavanpirtea.fi\/wp-content\/uploads\/2023\/06\/lepo-puuta-vasten-1024x650-1.jpg\" class=\"attachment-large size-large wp-image-24\" alt=\"\" srcset=\"https:\/\/www.arsyttavanpirtea.fi\/wp-content\/uploads\/2023\/06\/lepo-puuta-vasten-1024x650-1.jpg 1024w, https:\/\/www.arsyttavanpirtea.fi\/wp-content\/uploads\/2023\/06\/lepo-puuta-vasten-1024x650-1-300x190.jpg 300w, https:\/\/www.arsyttavanpirtea.fi\/wp-content\/uploads\/2023\/06\/lepo-puuta-vasten-1024x650-1-768x488.jpg 768w\" sizes=\"100vw\" \/>\t\t\t\t\t\t\t\t\t\t\t\t\t\t\t<\/div>\n\t\t\t\t<\/div>\n\t\t\t\t\t<\/div>\n\t\t<\/div>\n\t\t\t\t\t<\/div>\n\t\t<\/section>\n\t\t\t\t<\/div>\n\t\t","protected":false},"excerpt":{"rendered":"<p>Hailuodossa, Oulussa, Kempeleess\u00e4 ja ymp\u00e4ryskunnissa ja et\u00e4n\u00e4 ymp\u00e4ri maan. Ajantasaiset tapahtumat, aktiviteetit ja kuulumiset n\u00e4et Instagramissa ja Facebookissa! Yhteydenotot: pirteatpalvelut@gmail.com<\/p>\n","protected":false},"author":1,"featured_media":0,"parent":0,"menu_order":0,"comment_status":"closed","ping_status":"closed","template":"","meta":{"footnotes":"","inspiro_hide_title":false},"_links":{"self":[{"href":"https:\/\/www.arsyttavanpirtea.fi\/index.php\/wp-json\/wp\/v2\/pages\/35"}],"collection":[{"href":"https:\/\/www.arsyttavanpirtea.fi\/index.php\/wp-json\/wp\/v2\/pages"}],"about":[{"href":"https:\/\/www.arsyttavanpirtea.fi\/index.php\/wp-json\/wp\/v2\/types\/page"}],"author":[{"embeddable":true,"href":"https:\/\/www.arsyttavanpirtea.fi\/index.php\/wp-json\/wp\/v2\/users\/1"}],"replies":[{"embeddable":true,"href":"https:\/\/www.arsyttavanpirtea.fi\/index.php\/wp-json\/wp\/v2\/comments?post=35"}],"version-history":[{"count":7,"href":"https:\/\/www.arsyttavanpirtea.fi\/index.php\/wp-json\/wp\/v2\/pages\/35\/revisions"}],"predecessor-version":[{"id":92,"href":"https:\/\/www.arsyttavanpirtea.fi\/index.php\/wp-json\/wp\/v2\/pages\/35\/revisions\/92"}],"wp:attachment":[{"href":"https:\/\/www.arsyttavanpirtea.fi\/index.php\/wp-json\/wp\/v2\/media?parent=35"}],"curies":[{"name":"wp","href":"https:\/\/api.w.org\/{rel}","templated":true}]}}