{"id":36,"date":"2023-06-01T14:10:22","date_gmt":"2023-06-01T14:10:22","guid":{"rendered":"http:\/\/www.arsyttavanpirtea.fi\/?page_id=36"},"modified":"2023-07-07T15:59:41","modified_gmt":"2023-07-07T15:59:41","slug":"siis-mita","status":"publish","type":"page","link":"https:\/\/www.arsyttavanpirtea.fi\/index.php\/siis-mita\/","title":{"rendered":"Siis mit\u00e4?!"},"content":{"rendered":"\t\t<div data-elementor-type=\"wp-page\" data-elementor-id=\"36\" class=\"elementor elementor-36\">\n\t\t\t\t\t\t<section class=\"elementor-section elementor-top-section elementor-element elementor-element-997059a elementor-section-boxed elementor-section-height-default elementor-section-height-default\" data-id=\"997059a\" data-element_type=\"section\">\n\t\t\t\t\t\t<div class=\"elementor-container elementor-column-gap-default\">\n\t\t\t\t\t<div class=\"elementor-column elementor-col-100 elementor-top-column elementor-element elementor-element-33205e4\" data-id=\"33205e4\" data-element_type=\"column\">\n\t\t\t<div class=\"elementor-widget-wrap elementor-element-populated\">\n\t\t\t\t\t\t<div class=\"elementor-element elementor-element-f3b3ed4 elementor-widget elementor-widget-text-editor\" data-id=\"f3b3ed4\" data-element_type=\"widget\" data-widget_type=\"text-editor.default\">\n\t\t\t\t<div class=\"elementor-widget-container\">\n\t\t\t\t\t\t\t\t\t<p>Personal training -palvelut<\/p><p>Hyvinvointivalmennus<\/p><p>Ryhm\u00e4liikunta<\/p><p>Kehonhuolto<\/p><p>Luontoretket<\/p><p>Virkistysp\u00e4iv\u00e4t<\/p><p>Hyvinvointitapahtumat<\/p>\t\t\t\t\t\t\t\t<\/div>\n\t\t\t\t<\/div>\n\t\t\t\t\t<\/div>\n\t\t<\/div>\n\t\t\t\t\t<\/div>\n\t\t<\/section>\n\t\t\t\t<section class=\"elementor-section elementor-top-section elementor-element elementor-element-b6b78cd elementor-section-boxed elementor-section-height-default elementor-section-height-default\" data-id=\"b6b78cd\" data-element_type=\"section\">\n\t\t\t\t\t\t<div class=\"elementor-container elementor-column-gap-default\">\n\t\t\t\t\t<div class=\"elementor-column elementor-col-100 elementor-top-column elementor-element elementor-element-8187a56\" data-id=\"8187a56\" data-element_type=\"column\">\n\t\t\t<div class=\"elementor-widget-wrap elementor-element-populated\">\n\t\t\t\t\t\t<div class=\"elementor-element elementor-element-594c354 elementor-widget elementor-widget-image\" data-id=\"594c354\" data-element_type=\"widget\" data-widget_type=\"image.default\">\n\t\t\t\t<div class=\"elementor-widget-container\">\n\t\t\t\t\t\t\t\t\t\t\t\t\t\t\t<img fetchpriority=\"high\" decoding=\"async\" width=\"950\" height=\"645\" src=\"https:\/\/www.arsyttavanpirtea.fi\/wp-content\/uploads\/2023\/06\/DSC03427_omcl6l-1024x695.png\" class=\"attachment-large size-large wp-image-19\" alt=\"\" srcset=\"https:\/\/www.arsyttavanpirtea.fi\/wp-content\/uploads\/2023\/06\/DSC03427_omcl6l-1024x695.png 1024w, https:\/\/www.arsyttavanpirtea.fi\/wp-content\/uploads\/2023\/06\/DSC03427_omcl6l-300x204.png 300w, https:\/\/www.arsyttavanpirtea.fi\/wp-content\/uploads\/2023\/06\/DSC03427_omcl6l-768x521.png 768w, https:\/\/www.arsyttavanpirtea.fi\/wp-content\/uploads\/2023\/06\/DSC03427_omcl6l-1536x1043.png 1536w, https:\/\/www.arsyttavanpirtea.fi\/wp-content\/uploads\/2023\/06\/DSC03427_omcl6l.png 2000w\" sizes=\"100vw\" \/>\t\t\t\t\t\t\t\t\t\t\t\t\t\t\t<\/div>\n\t\t\t\t<\/div>\n\t\t\t\t\t<\/div>\n\t\t<\/div>\n\t\t\t\t\t<\/div>\n\t\t<\/section>\n\t\t\t\t<\/div>\n\t\t","protected":false},"excerpt":{"rendered":"<p>Personal training -palvelut Hyvinvointivalmennus Ryhm\u00e4liikunta Kehonhuolto Luontoretket Virkistysp\u00e4iv\u00e4t Hyvinvointitapahtumat<\/p>\n","protected":false},"author":1,"featured_media":0,"parent":0,"menu_order":0,"comment_status":"closed","ping_status":"closed","template":"","meta":{"footnotes":"","inspiro_hide_title":false},"_links":{"self":[{"href":"https:\/\/www.arsyttavanpirtea.fi\/index.php\/wp-json\/wp\/v2\/pages\/36"}],"collection":[{"href":"https:\/\/www.arsyttavanpirtea.fi\/index.php\/wp-json\/wp\/v2\/pages"}],"about":[{"href":"https:\/\/www.arsyttavanpirtea.fi\/index.php\/wp-json\/wp\/v2\/types\/page"}],"author":[{"embeddable":true,"href":"https:\/\/www.arsyttavanpirtea.fi\/index.php\/wp-json\/wp\/v2\/users\/1"}],"replies":[{"embeddable":true,"href":"https:\/\/www.arsyttavanpirtea.fi\/index.php\/wp-json\/wp\/v2\/comments?post=36"}],"version-history":[{"count":6,"href":"https:\/\/www.arsyttavanpirtea.fi\/index.php\/wp-json\/wp\/v2\/pages\/36\/revisions"}],"predecessor-version":[{"id":95,"href":"https:\/\/www.arsyttavanpirtea.fi\/index.php\/wp-json\/wp\/v2\/pages\/36\/revisions\/95"}],"wp:attachment":[{"href":"https:\/\/www.arsyttavanpirtea.fi\/index.php\/wp-json\/wp\/v2\/media?parent=36"}],"curies":[{"name":"wp","href":"https:\/\/api.w.org\/{rel}","templated":true}]}}